{"id":246,"date":"2026-03-26T00:00:00","date_gmt":"2026-03-25T16:00:00","guid":{"rendered":"https:\/\/demo.webdigify.com\/WCM05\/WCM128_elecdeal\/?post_type=product&#038;p=246"},"modified":"2026-04-13T15:25:24","modified_gmt":"2026-04-13T07:25:24","slug":"apple-homepod-assistant-and-voice-recognition","status":"publish","type":"product","link":"https:\/\/chaoda.801109.xyz\/index.php\/product\/apple-homepod-assistant-and-voice-recognition\/","title":{"rendered":"Apple HomePod Assistant and Voice Recognition"},"content":{"rendered":"<p>&nbsp;<\/p>\n<table class=\"bordered\">\n<tbody>\n<tr>\n<th colspan=\"2\">GENERAL INFORMATION<\/th>\n<\/tr>\n<tr>\n<td style=\"width: 150px;\"><strong>Model<\/strong><\/td>\n<td>HomePod 2nd Generation<\/td>\n<\/tr>\n<tr>\n<td style=\"width: 150px;\"><strong>Wireless Connectivity<\/strong><\/td>\n<td>Bluetooth<\/td>\n<\/tr>\n<tr>\n<td style=\"width: 150px;\"><strong>Brand<\/strong><\/td>\n<td>Apple<\/td>\n<\/tr>\n<tr>\n<th colspan=\"2\">PHYSICAL DIMENSIONS<\/th>\n<\/tr>\n<tr>\n<td style=\"width: 150px;\"><strong>Colour<\/strong><\/td>\n<td>White<\/td>\n<\/tr>\n<tr>\n<th colspan=\"2\">ADDITIONAL FEATURES<\/th>\n<\/tr>\n<tr>\n<td style=\"width: 150px;\"><strong>Features<\/strong><\/td>\n<td>\n<ul>\n<li>Touch Accommodations VoiceOver Home app and HomeKit Intercom Transcriptions Compatibility: iPhone\u00c2 14\u00c2 Pro\u00c2 Max<\/li>\n<li>iPhone\u00c2 14\u00c2 Pro<\/li>\n<li>iPhone\u00c2 14\u00c2 Plus<\/li>\n<li>iPhone\u00c2 14<\/li>\n<li>iPhone\u00c2 13\u00c2 Pro\u00c2 Max<\/li>\n<li>iPhone\u00c2 13\u00c2 Pro<\/li>\n<li>iPhone\u00c2 13<\/li>\n<li>iPhone\u00c2 13\u00c2 mini<\/li>\n<li>iPhone 12 Pro Max<\/li>\n<li>iPhone 12 Pro<\/li>\n<li>iPhone 12<\/li>\n<li>iPhone 12 mini<\/li>\n<li>iPhone 11 Pro Max<\/li>\n<li>iPhone 11 Pro<\/li>\n<li>iPhone 11<\/li>\n<li>iPhone XS\u00c2 Max<\/li>\n<li>iPhone XS<\/li>\n<li>iPhone XR<\/li>\n<li>iPhone X<\/li>\n<li>iPhone 8 Plus<\/li>\n<li>iPhone 8<\/li>\n<li>iPhone SE (3rd generation)<\/li>\n<li>iPhone SE (2nd generation)<\/li>\n<li>iPad Pro<\/li>\n<li>iPad (10th generation)<\/li>\n<li>iPad (9th generation)<\/li>\n<li>iPad (8th generation)<\/li>\n<li>iPad (7th generation)<\/li>\n<li>iPad (6th generation)<\/li>\n<li>iPad (5th generation)<\/li>\n<li>iPad\u00c2 Air (5th generation)<\/li>\n<li>iPad\u00c2 Air (4th generation)<\/li>\n<li>iPad\u00c2 Air (3rd generation)<\/li>\n<li>iPad\u00c2 mini (6th generation)<\/li>\n<li>iPad\u00c2 mini (5th generation)<\/li>\n<\/ul>\n<\/td>\n<\/tr>\n<tr>\n<th colspan=\"2\">IN THE BOX &amp; WARRANTY<\/th>\n<\/tr>\n<tr>\n<td style=\"width: 150px;\"><strong>In The Box<\/strong><\/td>\n<td>Power\u00c2 Cable, Documentation<\/td>\n<\/tr>\n<tr>\n<td style=\"width: 150px;\"><strong>Warranty<\/strong><\/td>\n<td>1 Year<\/td>\n<\/tr>\n<tr>\n<th colspan=\"2\">MANUFACTURING &amp; PACKING INFORMATION<\/th>\n<\/tr>\n<tr>\n<td style=\"width: 150px;\"><strong>Country of origin<\/strong><\/td>\n<td>China<\/td>\n<\/tr>\n<tr>\n<td style=\"width: 150px;\"><strong>Name and address of Packer<\/strong><\/td>\n<td>Apple India Pvt. Ltd. No.24, 19Th Floor, Concorde Tower C, Ub City, Vittal Mallya Road, Bengaluru, Karnataka &#8211; 560 001<\/td>\n<\/tr>\n<tr>\n<td style=\"width: 150px;\"><strong>Name and address of Manufacturer<\/strong><\/td>\n<td>Apple India Pvt. Ltd. No.24, 19Th Floor, Concorde Tower C, Ub City, Vittal Mallya Road, Bengaluru, Karnataka &#8211; 560 001<\/td>\n<\/tr>\n<tr>\n<td style=\"width: 150px;\"><strong>Name and address of Importer<\/strong><\/td>\n<td>Apple India Pvt. Ltd. No.24, 19Th Floor, Concorde Tower C, Ub City, Vittal Mallya Road, Bengaluru, Karnataka &#8211; 560 001<\/td>\n<\/tr>\n<tr>\n<td style=\"width: 150px;\"><strong>Name of Seller<\/strong><\/td>\n<td>Reliance Retail Ltd.<\/td>\n<\/tr>\n<tr>\n<td style=\"width: 150px;\"><strong>Month and Year of Commodity First Manufactured\/Imported\/Packed<\/strong><\/td>\n<td>January&#8217; 2023<\/td>\n<\/tr>\n<tr>\n<td style=\"width: 150px;\"><strong>BIS Model Number<\/strong><\/td>\n<td>MQJ83HN\/A<\/td>\n<\/tr>\n<tr>\n<td style=\"width: 150px;\"><strong>Commodity name<\/strong><\/td>\n<td>HomePod<\/td>\n<\/tr>\n<tr>\n<td style=\"width: 150px;\"><strong>Item Width<\/strong><\/td>\n<td>16 cm<\/td>\n<\/tr>\n<tr>\n<td style=\"width: 150px;\"><strong>Item Height<\/strong><\/td>\n<td>22.8 cm<\/td>\n<\/tr>\n<tr>\n<td style=\"width: 150px;\"><strong>Item Length<\/strong><\/td>\n<td>16 cm<\/td>\n<\/tr>\n<tr>\n<td style=\"width: 150px;\"><strong>Net Quantity<\/strong><\/td>\n<td>1N<\/td>\n<\/tr>\n<tr>\n<td style=\"width: 150px;\"><strong>Net Weight<\/strong><\/td>\n<td>3750 g<\/td>\n<\/tr>\n<tr>\n<td style=\"width: 150px;\"><strong>Name and address of Marketed By<\/strong><\/td>\n<td>Apple India Pvt. Ltd. No.24, 19Th Floor, Concorde Tower C, Ub City, Vittal Mallya Road, Bengaluru, Karnataka &#8211; 560 001<\/td>\n<\/tr>\n<\/tbody>\n<\/table>\n","protected":false},"excerpt":{"rendered":"<ul>\n<li>Gps+cellular<\/li>\n<li>Noise Cancellation <\/li>\n<li>Google Fast Pair<\/li>\n<\/ul>\n","protected":false},"featured_media":247,"comment_status":"open","ping_status":"closed","template":"","meta":{"pmpro_default_level":"","_monsterinsights_skip_tracking":false,"_monsterinsights_sitenote_active":false,"_monsterinsights_sitenote_note":"","_monsterinsights_sitenote_category":0,"_bst_post_transparent":"default","_bst_post_title":"","_bst_post_layout":"default","_bst_post_sidebar_id":"","_bst_post_content_style":"default","_bst_post_vertical_padding":"default","_bst_post_feature":"","_bst_post_feature_position":"","_bst_post_header":false,"_bst_post_footer":false},"product_brand":[],"product_cat":[94,65,75,79,98,80],"product_tag":[],"product_brands":[],"class_list":{"0":"post-246","1":"product","2":"type-product","3":"status-publish","4":"has-post-thumbnail","6":"product_cat-home-theatre-systems","7":"product_cat-our-store","8":"product_cat-smart-device","9":"product_cat-speakers","10":"product_cat-tv-audio-accessories","11":"product_cat-tv-speaker","12":"pmpro-has-access","14":"first","15":"outofstock","16":"featured","17":"shipping-taxable","18":"purchasable","19":"product-type-variable","20":"has-default-attributes","21":"entry","22":"content-bg","23":"loop-entry"},"_links":{"self":[{"href":"https:\/\/chaoda.801109.xyz\/index.php\/wp-json\/wp\/v2\/product\/246","targetHints":{"allow":["GET"]}}],"collection":[{"href":"https:\/\/chaoda.801109.xyz\/index.php\/wp-json\/wp\/v2\/product"}],"about":[{"href":"https:\/\/chaoda.801109.xyz\/index.php\/wp-json\/wp\/v2\/types\/product"}],"replies":[{"embeddable":true,"href":"https:\/\/chaoda.801109.xyz\/index.php\/wp-json\/wp\/v2\/comments?post=246"}],"wp:featuredmedia":[{"embeddable":true,"href":"https:\/\/chaoda.801109.xyz\/index.php\/wp-json\/wp\/v2\/media\/247"}],"wp:attachment":[{"href":"https:\/\/chaoda.801109.xyz\/index.php\/wp-json\/wp\/v2\/media?parent=246"}],"wp:term":[{"taxonomy":"product_brand","embeddable":true,"href":"https:\/\/chaoda.801109.xyz\/index.php\/wp-json\/wp\/v2\/product_brand?post=246"},{"taxonomy":"product_cat","embeddable":true,"href":"https:\/\/chaoda.801109.xyz\/index.php\/wp-json\/wp\/v2\/product_cat?post=246"},{"taxonomy":"product_tag","embeddable":true,"href":"https:\/\/chaoda.801109.xyz\/index.php\/wp-json\/wp\/v2\/product_tag?post=246"},{"taxonomy":"product_brands","embeddable":true,"href":"https:\/\/chaoda.801109.xyz\/index.php\/wp-json\/wp\/v2\/product_brands?post=246"}],"curies":[{"name":"wp","href":"https:\/\/api.w.org\/{rel}","templated":true}]}}